{"id":877,"date":"2021-08-13T07:48:27","date_gmt":"2021-08-13T07:48:27","guid":{"rendered":"https:\/\/arcadosanimais.pt\/demo\/termos-e-condicoes\/"},"modified":"2021-11-22T15:12:47","modified_gmt":"2021-11-22T15:12:47","slug":"termos-e-condicoes","status":"publish","type":"page","link":"https:\/\/arcadosanimais.pt\/fr\/termos-e-condicoes\/","title":{"rendered":"Termes et conditions"},"content":{"rendered":"<h3>CHAMP D\u2019APPLICATION<\/h3>\n<p>Ces conditions g\u00e9n\u00e9rales s&rsquo;appliquent dans la relation entre l&rsquo;invit\u00e9 ou l&rsquo;invit\u00e9 potentiel et Arca dos Animais &#8211; Farming &amp; SPA, Lda, ci-apr\u00e8s d\u00e9nomm\u00e9 \u00ab\u00a0Arca dos Animais\u00a0\u00bb, \u00e0 partir du moment de la r\u00e9servation jusqu&rsquo;\u00e0 la fin du s\u00e9jour ou plus tard, en cas o\u00f9 cela est justifi\u00e9. Arca dos Animais est un Tourisme Rural sous la forme d&rsquo;une Maison de Campagne, situ\u00e9 \u00e0 Caf\u00e9de, avec RNET 9798. En l&rsquo;absence de dispositions, la l\u00e9gislation pertinente en vigueur s&rsquo;appliquera. Les clients acceptent tous ces termes et conditions lors de la r\u00e9servation.<span class=\"Apple-converted-space\">\u00a0<\/span><\/p>\n<h3>POLITIQUE DE R\u00c9SERVATION<\/h3>\n<p>Les r\u00e9servations peuvent \u00eatre effectu\u00e9es par t\u00e9l\u00e9phone, e-mail, via le site Web Arca dos Animais, les sites partenaires ou en personne et sont soumises \u00e0 la disponibilit\u00e9 des suites. <strong>Les r\u00e9servations des suites de l&rsquo;\u00e9tablissement concern\u00e9 ne sont destin\u00e9es qu&rsquo;\u00e0 un h\u00e9bergement occasionnel, de courte dur\u00e9e et de fa\u00e7on temporaire.<\/strong> La dur\u00e9e minimale de s\u00e9jour est de deux nuits le week-end et une nuit en semaine, sauf cas exceptionnel communiqu\u00e9 et autoris\u00e9 par la direction.Lors de la r\u00e9servation, le client choisit de verser un acompte correspondant \u00e0 50 % du prix ou \u00e0 la totalit\u00e9 de celui-ci. Si vous choisissez le premier mode, les 50% restants seront pay\u00e9s au moment de l&rsquo;entr\u00e9e. La r\u00e9servation devient effective apr\u00e8s paiement de 50% du prix, enregistrement des coordonn\u00e9es du client d\u00fbment compl\u00e9t\u00e9es<strong> et r\u00e9ception de la notification de la confirmation de r\u00e9servation. A d\u00e9faut de ces \u00e9l\u00e9ments, Arca dos Animais ne pourra pas proc\u00e9der \u00e0 la r\u00e9servation.<\/strong> Les r\u00e9servations peuvent \u00eatre annul\u00e9es sans frais jusqu&rsquo;\u00e0 5 jours avant la date d&rsquo;arriv\u00e9e pr\u00e9vue du client, auquel cas le remboursement des sommes vers\u00e9es sera effectu\u00e9 par virement bancaire. Si la r\u00e9servation est annul\u00e9e dans moins de 5 jours ou si le client ne se pr\u00e9sente pas, il n&rsquo;y aura pas de remboursement et le prix total est d\u00fb. Il est possible de modifier les r\u00e9servations, \u00e0 condition d&rsquo;avoir au moins 5 jours \u00e0 l\u2019avance. Si le client modifie sa r\u00e9servation apr\u00e8s la p\u00e9riode susmentionn\u00e9e, les montants d\u00e9j\u00e0 pay\u00e9s ne seront pas rembours\u00e9s et il se peut qu&rsquo;il ne soit pas possible de garantir la disponibilit\u00e9 \u00e0 la date souhait\u00e9e. Les modifications des r\u00e9servations se font par e-mail ou par t\u00e9l\u00e9phone. Lors d&rsquo;une r\u00e9servation sur le site Arca dos Animais, vous d\u00e9clarez \u00eatre \u00e2g\u00e9 d&rsquo;au moins 18 ans ou autoris\u00e9 par les repr\u00e9sentants l\u00e9gaux \u00e0 contracter les services de l&rsquo;\u00e9tablissement en question.<span class=\"Apple-converted-space\">\u00a0<\/span><\/p>\n<h3>CHECK-IN<\/h3>\n<div>\n<div class=\"\" dir=\"ltr\">\n<div class=\"\">\n<p>L&rsquo;enregistrement peut \u00eatre effectu\u00e9 de 15h00 \u00e0 19h00. S&rsquo;il n&rsquo;est pas possible de s&rsquo;enregistrer pendant cette p\u00e9riode, cela doit \u00eatre fait \u00e0 l&rsquo;avance par t\u00e9l\u00e9phone ou par e-mail.<\/p>\n<\/div>\n<\/div>\n<\/div>\n<h3>CHECK-OUT<\/h3>\n<p>Le d\u00e9part peut \u00eatre effectu\u00e9 jusqu&rsquo;\u00e0 midi (12h00) et les clients doivent quitter les suites le jour stipul\u00e9 \u00e0 la m\u00eame heure. Il est possible, moyennant un pr\u00e9avis suffisant et sous r\u00e9serve de disponibilit\u00e9, d&rsquo;opter pour un d\u00e9part prolong\u00e9, qui est soumis au paiement d&rsquo;un suppl\u00e9ment de 10 % du prix total de la suite.<span class=\"Apple-converted-space\">\u00a0<\/span><\/p>\n<h3>DES PRIX<\/h3>\n<p>Le prix pay\u00e9 par le client au moment de la r\u00e9servation constitue la contrepartie de l&rsquo;utilisation de la suite et des services compris dans la p\u00e9riode comprise entre l&rsquo;arriv\u00e9e et le d\u00e9part. Les prix pratiqu\u00e9s par Arca dos Animais sont fix\u00e9s en d\u00e9but de chaque ann\u00e9e par la direction et, en cas de mise \u00e0 jour des prix, les valeurs des r\u00e9servations effectu\u00e9es pr\u00e9c\u00e9demment sont maintenues. Le prix d\u00fb sera factur\u00e9 en totalit\u00e9, que le client ait utilis\u00e9 ou non la suite et les services inclus dans le prix. Les services suivants sont inclus dans le prix : espace SPA, pot d&rsquo;accueil, petit d\u00e9jeuner, cuisine commune, fer et table \u00e0 repasser, biblioth\u00e8que et jeux de soci\u00e9t\u00e9, parking priv\u00e9, v\u00e9los, travaux de la ferme. Repas sur commande, boissons, service de blanchisserie et repassage, produits de la ferme ou r\u00e9gionaux, panier pique-nique, massages et soins, forfait soir\u00e9es romantiques, chevalet et mat\u00e9riel de peinture d&rsquo;ext\u00e9rieur, service de photocopie et de num\u00e9risation sont soumis \u00e0 un paiement suppl\u00e9mentaire, transferts depuis\/vers l&rsquo;a\u00e9roport, visites dans la r\u00e9gion. Les prix peuvent varier en haute saison, les jours f\u00e9ri\u00e9s et les saisons festives, et le client peut consulter les prix mis \u00e0 jour \u00e0 l\u2019avance. Des frais suppl\u00e9mentaires peuvent \u00eatre factur\u00e9s pour certains services ou produits, et les clients en sont inform\u00e9s. Tous les montants incluent la TVA au taux l\u00e9gal en vigueur.<span class=\"Apple-converted-space\">\u00a0<\/span><\/p>\n<h3>CONDITIONS DE PAIEMENT<\/h3>\n<p>Le paiement peut \u00eatre effectu\u00e9 en esp\u00e8ces, par virement bancaire, par carte de cr\u00e9dit (VISA, MASTERCARD) ou par d\u00e9bit. <b>Les autres moyens de paiement ne seront accept\u00e9s qu&rsquo;avec l&rsquo;accord de la direction d&rsquo;Arca dos Animals. <\/b>Il vous sera demand\u00e9 de pr\u00e9senter une carte de cr\u00e9dit ou une caution d&rsquo;un montant de 100 euros.<span class=\"Apple-converted-space\">\u00a0<\/span><\/p>\n<h3>PARKING<\/h3>\n<p>Arca dos Animais dispose d&rsquo;un parking priv\u00e9, avec un espace pour la mobilit\u00e9 adapt\u00e9e.<\/p>\n<h3>BRUIT<\/h3>\n<p>Aux termes du d\u00e9cret-loi n\u00b0 9\/2007 du 17 janvier, il est interdit d&rsquo;exercer tout type d&rsquo;activit\u00e9 sensible au bruit susceptible de d\u00e9ranger les autres clients \u00e0 partir de 22h00.<span class=\"Apple-converted-space\">\u00a0<\/span><\/p>\n<h3>DOMMAGES ET RESPONSABILIT\u00c9 CIVILE<\/h3>\n<p>Tout dommage imputable au client sera notifi\u00e9 et factur\u00e9. Arca dos Animais n&rsquo;est pas responsable des objets de valeur ou des sommes mon\u00e9taires qui pourraient dispara\u00eetre dans l\u2019\u00e9tablissement. Chaque invit\u00e9 est responsable de la surveillance de ses effets personnels, les laissant dans le coffre-fort, lorsque cette surveillance ne peut \u00eatre garantie. Arca dos Animais se r\u00e9serve le droit d&rsquo;utiliser les moyens l\u00e9gaux qu&rsquo;elle jugera n\u00e9cessaires, dans les cas les plus graves.<span class=\"Apple-converted-space\">\u00a0<\/span><\/p>\n<h3>R\u00c9CLAMATIONS<\/h3>\n<p>Aux termes du d\u00e9cret-loi n\u00b0 156\/2005 du 15 septembre, avec les modifications introduites par le d\u00e9cret-loi n\u00b0 371\/2007 du 6 novembre, Arca dos Animais dispose d&rsquo;un livre de r\u00e9clamations, qui peut \u00eatre demand\u00e9 \u00e0 l&rsquo;accueil ou consult\u00e9 via notre site web. Toute r\u00e9clamation doit \u00eatre communiqu\u00e9e \u00e0 la direction afin que les proc\u00e9dures appropri\u00e9es puissent \u00eatre initi\u00e9es.<\/p>\n<h3>LITIGE<\/h3>\n<p>Tout litige doit \u00eatre signal\u00e9 \u00e0 la direction dans les plus brefs d\u00e9lais. En cas de litige de consommation, le consommateur peut recourir \u00e0 l&rsquo;organisme de r\u00e8glement extrajudiciaire des litiges \u00ab<a href=\"https:\/\/www.cniacc.pt\/pt\/\" target=\"_blank\" rel=\"noopener\">CNIACC &#8211; Centre national d&rsquo;information et d&rsquo;arbitrage des litiges de consommation<\/a>\u00bb via email <a href=\"mailto:geral@cniacc.pt\">geral@cniacc.pt<\/a> ou num\u00e9ro de t\u00e9l\u00e9phone <a href=\"tel:+351253619107\">253 619 107<\/a>.<span class=\"Apple-converted-space\">\u00a0<\/span><\/p>\n<h3>PROTECTION DES DONN\u00c9ES<\/h3>\n<p>Les donn\u00e9es personnelles seront collect\u00e9es et trait\u00e9es par Arca dos Animals, conform\u00e9ment au R\u00e8glement g\u00e9n\u00e9ral sur la protection des donn\u00e9es, r\u00e8glement n\u00b0 2016\/679 (\u00ab RGPD \u00bb). L&rsquo;invit\u00e9 sera inform\u00e9 des finalit\u00e9s de cette collecte et de ce stockage et pourra s&rsquo;y opposer \u00e0 tout moment, et cette communication devra \u00eatre envoy\u00e9e \u00e0 Arca dos Animais par e-mail <a href=\"mailto:info@arcadosanimais.pt\">info@arcadosanimais.pt<\/a> ou par tout autre moyen appropri\u00e9 \u00e0 cette fin. Les finalit\u00e9s comprennent la r\u00e9alisation et la gestion des r\u00e9servations, l&rsquo;abonnement aux services Arca dos Animais, les raisons administratives, les suggestions et l&rsquo;am\u00e9lioration du service, les divulgations \u00e0 des fins de marketing, la comptabilit\u00e9 et la facturation, la s\u00e9curit\u00e9, le respect des exigences l\u00e9gales, entre autres. Les donn\u00e9es personnelles de l&rsquo;invit\u00e9 ne seront conserv\u00e9es que pour la p\u00e9riode n\u00e9cessaire, \u00e9tant supprim\u00e9es apr\u00e8s la fin de cette p\u00e9riode.<\/p>\n<h3>DISPOSITIONS G\u00c9N\u00c9RALES<\/h3>\n<p>Les pr\u00e9sentes conditions g\u00e9n\u00e9rales ne sont pas limitatives au s\u00e9jour du client et ne dispensent pas de consulter le r\u00e8glement int\u00e9rieur d&rsquo;Arca dos Animais, disponible \u00e0 l&rsquo;accueil. En cas d&rsquo;omission, la l\u00e9gislation correspondante en vigueur sera appliqu\u00e9e \u00e0 titre compl\u00e9mentaire. Toute question d&rsquo;interpr\u00e9tation sera r\u00e9solue par la direction. Arca dos Animais peut modifier ces termes et conditions \u00e0 tout moment, en informant le client, chaque fois que n\u00e9cessaire.<span class=\"Apple-converted-space\">\u00a0<\/span><\/p>\n","protected":false},"excerpt":{"rendered":"<p>CHAMP D\u2019APPLICATION Ces conditions g\u00e9n\u00e9rales s&rsquo;appliquent dans la relation entre l&rsquo;invit\u00e9 ou l&rsquo;invit\u00e9 potentiel et Arca dos Animais &#8211; Farming &amp; SPA, Lda, ci-apr\u00e8s d\u00e9nomm\u00e9 \u00ab\u00a0Arca dos Animais\u00a0\u00bb, \u00e0 partir du moment de la r\u00e9servation jusqu&rsquo;\u00e0 la fin du s\u00e9jour ou plus tard, en cas o\u00f9 cela est justifi\u00e9. Arca dos Animais est un Tourisme [&hellip;]<\/p>\n","protected":false},"author":1,"featured_media":0,"parent":0,"menu_order":0,"comment_status":"closed","ping_status":"closed","template":"","meta":{"_acf_changed":false,"inline_featured_image":false,"footnotes":""},"class_list":["post-877","page","type-page","status-publish","hentry"],"acf":[],"yoast_head":"<!-- This site is optimized with the Yoast SEO plugin v22.0 - https:\/\/yoast.com\/wordpress\/plugins\/seo\/ -->\n<title>Termes et conditions | Arca dos Animais<\/title>\n<meta name=\"robots\" content=\"index, follow, max-snippet:-1, max-image-preview:large, max-video-preview:-1\" \/>\n<link rel=\"canonical\" href=\"https:\/\/arcadosanimais.pt\/fr\/termos-e-condicoes\/\" \/>\n<meta property=\"og:locale\" content=\"fr_FR\" \/>\n<meta property=\"og:type\" content=\"article\" \/>\n<meta property=\"og:title\" content=\"Termes et conditions | Arca dos Animais\" \/>\n<meta property=\"og:description\" content=\"CHAMP D\u2019APPLICATION Ces conditions g\u00e9n\u00e9rales s&rsquo;appliquent dans la relation entre l&rsquo;invit\u00e9 ou l&rsquo;invit\u00e9 potentiel et Arca dos Animais &#8211; Farming &amp; SPA, Lda, ci-apr\u00e8s d\u00e9nomm\u00e9 \u00ab\u00a0Arca dos Animais\u00a0\u00bb, \u00e0 partir du moment de la r\u00e9servation jusqu&rsquo;\u00e0 la fin du s\u00e9jour ou plus tard, en cas o\u00f9 cela est justifi\u00e9. Arca dos Animais est un Tourisme [&hellip;]\" \/>\n<meta property=\"og:url\" content=\"https:\/\/arcadosanimais.pt\/fr\/termos-e-condicoes\/\" \/>\n<meta property=\"article:publisher\" content=\"https:\/\/www.facebook.com\/casadecampoarcadosanimais\" \/>\n<meta property=\"article:modified_time\" content=\"2021-11-22T15:12:47+00:00\" \/>\n<meta property=\"og:image\" content=\"https:\/\/arcadosanimais.pt\/wp-content\/uploads\/2021\/12\/126125036_176662730766268_38444873591654914_n.jpg\" \/>\n\t<meta property=\"og:image:width\" content=\"555\" \/>\n\t<meta property=\"og:image:height\" content=\"555\" \/>\n\t<meta property=\"og:image:type\" content=\"image\/jpeg\" \/>\n<meta name=\"twitter:card\" content=\"summary_large_image\" \/>\n<meta name=\"twitter:label1\" content=\"Dur\u00e9e de lecture estim\u00e9e\" \/>\n\t<meta name=\"twitter:data1\" content=\"7 minutes\" \/>\n<script type=\"application\/ld+json\" class=\"yoast-schema-graph\">{\"@context\":\"https:\/\/schema.org\",\"@graph\":[{\"@type\":\"WebPage\",\"@id\":\"https:\/\/arcadosanimais.pt\/fr\/termos-e-condicoes\/\",\"url\":\"https:\/\/arcadosanimais.pt\/fr\/termos-e-condicoes\/\",\"name\":\"Termes et conditions | Arca dos Animais\",\"isPartOf\":{\"@id\":\"https:\/\/arcadosanimais.pt\/#website\"},\"datePublished\":\"2021-08-13T07:48:27+00:00\",\"dateModified\":\"2021-11-22T15:12:47+00:00\",\"breadcrumb\":{\"@id\":\"https:\/\/arcadosanimais.pt\/fr\/termos-e-condicoes\/#breadcrumb\"},\"inLanguage\":\"fr-FR\",\"potentialAction\":[{\"@type\":\"ReadAction\",\"target\":[\"https:\/\/arcadosanimais.pt\/fr\/termos-e-condicoes\/\"]}]},{\"@type\":\"BreadcrumbList\",\"@id\":\"https:\/\/arcadosanimais.pt\/fr\/termos-e-condicoes\/#breadcrumb\",\"itemListElement\":[{\"@type\":\"ListItem\",\"position\":1,\"name\":\"In\u00edcio\",\"item\":\"https:\/\/arcadosanimais.pt\/fr\/\"},{\"@type\":\"ListItem\",\"position\":2,\"name\":\"Termes et conditions\"}]},{\"@type\":\"WebSite\",\"@id\":\"https:\/\/arcadosanimais.pt\/#website\",\"url\":\"https:\/\/arcadosanimais.pt\/\",\"name\":\"\",\"description\":\"\",\"publisher\":{\"@id\":\"https:\/\/arcadosanimais.pt\/#organization\"},\"potentialAction\":[{\"@type\":\"SearchAction\",\"target\":{\"@type\":\"EntryPoint\",\"urlTemplate\":\"https:\/\/arcadosanimais.pt\/?s={search_term_string}\"},\"query-input\":\"required name=search_term_string\"}],\"inLanguage\":\"fr-FR\"},{\"@type\":\"Organization\",\"@id\":\"https:\/\/arcadosanimais.pt\/#organization\",\"name\":\"Arca dos Animais\",\"url\":\"https:\/\/arcadosanimais.pt\/\",\"logo\":{\"@type\":\"ImageObject\",\"inLanguage\":\"fr-FR\",\"@id\":\"https:\/\/arcadosanimais.pt\/#\/schema\/logo\/image\/\",\"url\":\"https:\/\/arcadosanimais.pt\/wp-content\/uploads\/2021\/12\/126125036_176662730766268_38444873591654914_n.jpg\",\"contentUrl\":\"https:\/\/arcadosanimais.pt\/wp-content\/uploads\/2021\/12\/126125036_176662730766268_38444873591654914_n.jpg\",\"width\":555,\"height\":555,\"caption\":\"Arca dos Animais\"},\"image\":{\"@id\":\"https:\/\/arcadosanimais.pt\/#\/schema\/logo\/image\/\"},\"sameAs\":[\"https:\/\/www.facebook.com\/casadecampoarcadosanimais\",\"https:\/\/www.instagram.com\/arcadosanimais\/\"]}]}<\/script>\n<!-- \/ Yoast SEO plugin. -->","yoast_head_json":{"title":"Termes et conditions | Arca dos Animais","robots":{"index":"index","follow":"follow","max-snippet":"max-snippet:-1","max-image-preview":"max-image-preview:large","max-video-preview":"max-video-preview:-1"},"canonical":"https:\/\/arcadosanimais.pt\/fr\/termos-e-condicoes\/","og_locale":"fr_FR","og_type":"article","og_title":"Termes et conditions | Arca dos Animais","og_description":"CHAMP D\u2019APPLICATION Ces conditions g\u00e9n\u00e9rales s&rsquo;appliquent dans la relation entre l&rsquo;invit\u00e9 ou l&rsquo;invit\u00e9 potentiel et Arca dos Animais &#8211; Farming &amp; SPA, Lda, ci-apr\u00e8s d\u00e9nomm\u00e9 \u00ab\u00a0Arca dos Animais\u00a0\u00bb, \u00e0 partir du moment de la r\u00e9servation jusqu&rsquo;\u00e0 la fin du s\u00e9jour ou plus tard, en cas o\u00f9 cela est justifi\u00e9. Arca dos Animais est un Tourisme [&hellip;]","og_url":"https:\/\/arcadosanimais.pt\/fr\/termos-e-condicoes\/","article_publisher":"https:\/\/www.facebook.com\/casadecampoarcadosanimais","article_modified_time":"2021-11-22T15:12:47+00:00","og_image":[{"width":555,"height":555,"url":"https:\/\/arcadosanimais.pt\/wp-content\/uploads\/2021\/12\/126125036_176662730766268_38444873591654914_n.jpg","type":"image\/jpeg"}],"twitter_card":"summary_large_image","twitter_misc":{"Dur\u00e9e de lecture estim\u00e9e":"7 minutes"},"schema":{"@context":"https:\/\/schema.org","@graph":[{"@type":"WebPage","@id":"https:\/\/arcadosanimais.pt\/fr\/termos-e-condicoes\/","url":"https:\/\/arcadosanimais.pt\/fr\/termos-e-condicoes\/","name":"Termes et conditions | Arca dos Animais","isPartOf":{"@id":"https:\/\/arcadosanimais.pt\/#website"},"datePublished":"2021-08-13T07:48:27+00:00","dateModified":"2021-11-22T15:12:47+00:00","breadcrumb":{"@id":"https:\/\/arcadosanimais.pt\/fr\/termos-e-condicoes\/#breadcrumb"},"inLanguage":"fr-FR","potentialAction":[{"@type":"ReadAction","target":["https:\/\/arcadosanimais.pt\/fr\/termos-e-condicoes\/"]}]},{"@type":"BreadcrumbList","@id":"https:\/\/arcadosanimais.pt\/fr\/termos-e-condicoes\/#breadcrumb","itemListElement":[{"@type":"ListItem","position":1,"name":"In\u00edcio","item":"https:\/\/arcadosanimais.pt\/fr\/"},{"@type":"ListItem","position":2,"name":"Termes et conditions"}]},{"@type":"WebSite","@id":"https:\/\/arcadosanimais.pt\/#website","url":"https:\/\/arcadosanimais.pt\/","name":"","description":"","publisher":{"@id":"https:\/\/arcadosanimais.pt\/#organization"},"potentialAction":[{"@type":"SearchAction","target":{"@type":"EntryPoint","urlTemplate":"https:\/\/arcadosanimais.pt\/?s={search_term_string}"},"query-input":"required name=search_term_string"}],"inLanguage":"fr-FR"},{"@type":"Organization","@id":"https:\/\/arcadosanimais.pt\/#organization","name":"Arca dos Animais","url":"https:\/\/arcadosanimais.pt\/","logo":{"@type":"ImageObject","inLanguage":"fr-FR","@id":"https:\/\/arcadosanimais.pt\/#\/schema\/logo\/image\/","url":"https:\/\/arcadosanimais.pt\/wp-content\/uploads\/2021\/12\/126125036_176662730766268_38444873591654914_n.jpg","contentUrl":"https:\/\/arcadosanimais.pt\/wp-content\/uploads\/2021\/12\/126125036_176662730766268_38444873591654914_n.jpg","width":555,"height":555,"caption":"Arca dos Animais"},"image":{"@id":"https:\/\/arcadosanimais.pt\/#\/schema\/logo\/image\/"},"sameAs":["https:\/\/www.facebook.com\/casadecampoarcadosanimais","https:\/\/www.instagram.com\/arcadosanimais\/"]}]}},"_links":{"self":[{"href":"https:\/\/arcadosanimais.pt\/fr\/wp-json\/wp\/v2\/pages\/877","targetHints":{"allow":["GET"]}}],"collection":[{"href":"https:\/\/arcadosanimais.pt\/fr\/wp-json\/wp\/v2\/pages"}],"about":[{"href":"https:\/\/arcadosanimais.pt\/fr\/wp-json\/wp\/v2\/types\/page"}],"author":[{"embeddable":true,"href":"https:\/\/arcadosanimais.pt\/fr\/wp-json\/wp\/v2\/users\/1"}],"replies":[{"embeddable":true,"href":"https:\/\/arcadosanimais.pt\/fr\/wp-json\/wp\/v2\/comments?post=877"}],"version-history":[{"count":9,"href":"https:\/\/arcadosanimais.pt\/fr\/wp-json\/wp\/v2\/pages\/877\/revisions"}],"predecessor-version":[{"id":1556,"href":"https:\/\/arcadosanimais.pt\/fr\/wp-json\/wp\/v2\/pages\/877\/revisions\/1556"}],"wp:attachment":[{"href":"https:\/\/arcadosanimais.pt\/fr\/wp-json\/wp\/v2\/media?parent=877"}],"curies":[{"name":"wp","href":"https:\/\/api.w.org\/{rel}","templated":true}]}}