{"id":865,"date":"2021-08-13T07:48:09","date_gmt":"2021-08-13T07:48:09","guid":{"rendered":"https:\/\/arcadosanimais.pt\/demo\/faqs\/"},"modified":"2021-11-22T15:01:56","modified_gmt":"2021-11-22T15:01:56","slug":"faqs","status":"publish","type":"page","link":"https:\/\/arcadosanimais.pt\/fr\/faqs\/","title":{"rendered":"FAQ\u2019s"},"content":{"rendered":"<h3 class=\"western\">LE PETIT-D\u00c9JEUNER EST COMPRIS DANS LE PRIX DE LA SUITE?<\/h3>\n<p>Oui. Si vous avez des restrictions alimentaires, merci de nous les signaler.<\/p>\n<h3 class=\"western\">Y A-T\u2019IL DES RESTAURANT \u00c0 PROXIMIT\u00c9?<\/h3>\n<p><strong>Nous vous sugg\u00e9rons:<\/strong><\/p>\n<ul>\n<li><strong>O Lagar<\/strong> (T\/ 272 431 207 | Rua Batista, n9)<\/li>\n<li><strong>O Palita\u0303o<\/strong> (T\/ 966 632 540 | Avenida Afonso de Paiva, Rua de Santiago K1 R\/C, 6000-076 Castelo Branco)<\/li>\n<li><strong>Arena Di Verona<\/strong> (T\/ +351 272 085 941 | Avenida Cidade Zhuhai 174, L 5, Castelo Branco 6000-077 Portugal )<\/li>\n<li><strong>Ponto Wine<\/strong> (T\/ 915 026 512 | R. Rei Dom Dinis 1, 6000-180 Castelo Branco)<\/li>\n<li><strong>O Jardim<\/strong> (T\/ 272322057 | Rua da Figueira, No29-A, 6000-166, Castelo Branco)<\/li>\n<\/ul>\n<h3 class=\"western\">ACC\u00c8S \u00c0 LA LAVERIE?<\/h3>\n<p>Oui, moyennant payement.<\/p>\n<h3 class=\"western\">QUELLES SONT LES FORMES DE PAYEMENTS ACCEPT\u00c9ES?<\/h3>\n<div class=\"paymentMethods\"><img decoding=\"async\" width=\"1\" height=\"1\" src=\"https:\/\/arcadosanimais.pt\/wp-content\/uploads\/2021\/08\/icon-visa.svg\" class=\"paymentMethods__image loki-svg\" alt=\"\" \/><img decoding=\"async\" width=\"1\" height=\"1\" src=\"https:\/\/arcadosanimais.pt\/wp-content\/uploads\/2021\/08\/icon-mastercard.svg\" class=\"paymentMethods__image loki-svg\" alt=\"\" \/><img decoding=\"async\" width=\"39\" height=\"44\" src=\"https:\/\/arcadosanimais.pt\/wp-content\/uploads\/2021\/08\/icon-mbway.png\" class=\"paymentMethods__image loki-svg\" alt=\"\" \/><\/div>\n<h3 class=\"western\">EST-CE POSSIBLE DE CHANGER LES DATES DE MA R\u00c9SERVATION OU DE L\u2019ANNULER?<\/h3>\n<p>Oui, mais avec un minimum de cinq jours. Autrement, les r\u00e9servations ne seront pas rembours\u00e9es et nous ne pourrons pas garantir de nouvelles dates. Pour changer ou annuler votre r\u00e9servation, merci de nous en avertir par courriel \u00e0 <a href=\"mailto:info@arcadosanimais.pt\">info@arcadosanimais.pt<\/a>.<\/p>\n<h3 class=\"western\">PUIS-JE T\u00c9L\u00c9TRAVAILLER?<\/h3>\n<p>Oui. Toutes nos chambres sont \u00e9quip\u00e9es avec table et chaises, mini- frigidaire et WiFi gratuit (dont le mot de passe vous sera fourni lors du check-in).<\/p>\n<h3 class=\"western\">Y A-T\u2019IL DES ACC\u00c8S PR\u00c9VUS POUR MOBILIT\u00c9 R\u00c9DUITE?<\/h3>\n<p>Oui \u2013 outre une suite enti\u00e8rement adapt\u00e9e \u00e0 cet effet.<\/p>\n<h3 class=\"western\">Y A-T\u2019IL UN PARKING?<\/h3>\n<p>Oui et il est gratuit.<\/p>\n<h3 class=\"western\">COMMENT ARRIVER \u00c0 L\u2019ARCHE DES ANIMAUX?<\/h3>\n<p>La ferme est situ\u00e9e \u00e0 10 km et \u00e0 10 minutes en voiture de Castelo Branco.<\/p>\n<h3 class=\"western\">QUELS SONT LES HORAIRES DE CHECK-IN ET DE CHECK-OUT?<\/h3>\n<div>\n<div class=\"\" dir=\"ltr\">\n<div class=\"\">\n<p>Vous pouvez vous enregistrer de 15h00 \u00e0 19h00. Si possible, faite-le avant en adressant un courriel \u00e0 <a href=\"mailto:info@arcadosanimais.pt\">info@arcadosanimais.pt<\/a>\u00a0ou par t\u00e9l\u00e9phone.\u00a0Check-out jusqu\u2019\u00e0 midi. Vous pouvez le prolonger, moyennant une taxe additionnelle, mais nous vous prions de nous le signaler le plus t\u00f4t possible.<\/p>\n<\/div>\n<\/div>\n<\/div>\n<h3 class=\"western\">QUE COMPREND LE PRIX DE CHAQUE SUITE?<\/h3>\n<p>Toutes les suites ont un placard, une table, un mini-frigidaire, climatisation, t\u00e9l\u00e9vision, coffre de s\u00e9curit\u00e9 individuel, s\u00e9choir \u00e0 cheveux, peignoirs, miroir de cosm\u00e9tique, th\u00e9i\u00e8re, WiFi, trois oreillers de tailles diff\u00e9rentes, couverture 100% coton et\/ou \u00e9dredon, berceau, lit d\u2019enfant et une petite biblioth\u00e8que.<\/p>\n<h3 class=\"western\">HORAIRES<\/h3>\n<div>\n<div class=\"\" dir=\"ltr\">\n<div class=\"\">\n<p>Arca dos Animais est ouvert du lundi au dimanche de 9h \u00e0 19h.<\/p>\n<\/div>\n<\/div>\n<\/div>\n<h3 class=\"western\">AUTRES INFORMATIONS<\/h3>\n<p>Pour d\u2019autres informations, vous \u00eates pri\u00e9 de nous contacter par le courriel <a href=\"mailto:info@arcadosanimais.com\">info@arcadosanimais.com<\/a><\/p>\n","protected":false},"excerpt":{"rendered":"<p>LE PETIT-D\u00c9JEUNER EST COMPRIS DANS LE PRIX DE LA SUITE? Oui. Si vous avez des restrictions alimentaires, merci de nous les signaler. Y A-T\u2019IL DES RESTAURANT \u00c0 PROXIMIT\u00c9? Nous vous sugg\u00e9rons: O Lagar (T\/ 272 431 207 | Rua Batista, n9) O Palita\u0303o (T\/ 966 632 540 | Avenida Afonso de Paiva, Rua de Santiago [&hellip;]<\/p>\n","protected":false},"author":1,"featured_media":0,"parent":0,"menu_order":0,"comment_status":"closed","ping_status":"closed","template":"","meta":{"_acf_changed":false,"inline_featured_image":false,"footnotes":""},"class_list":["post-865","page","type-page","status-publish","hentry"],"acf":[],"yoast_head":"<!-- This site is optimized with the Yoast SEO plugin v22.0 - https:\/\/yoast.com\/wordpress\/plugins\/seo\/ -->\n<title>FAQ\u2019s | Arca dos Animais<\/title>\n<meta name=\"robots\" content=\"index, follow, max-snippet:-1, max-image-preview:large, max-video-preview:-1\" \/>\n<link rel=\"canonical\" href=\"https:\/\/arcadosanimais.pt\/fr\/faqs\/\" \/>\n<meta property=\"og:locale\" content=\"fr_FR\" \/>\n<meta property=\"og:type\" content=\"article\" \/>\n<meta property=\"og:title\" content=\"FAQ\u2019s | Arca dos Animais\" \/>\n<meta property=\"og:description\" content=\"LE PETIT-D\u00c9JEUNER EST COMPRIS DANS LE PRIX DE LA SUITE? Oui. Si vous avez des restrictions alimentaires, merci de nous les signaler. Y A-T\u2019IL DES RESTAURANT \u00c0 PROXIMIT\u00c9? Nous vous sugg\u00e9rons: O Lagar (T\/ 272 431 207 | Rua Batista, n9) O Palita\u0303o (T\/ 966 632 540 | Avenida Afonso de Paiva, Rua de Santiago [&hellip;]\" \/>\n<meta property=\"og:url\" content=\"https:\/\/arcadosanimais.pt\/fr\/faqs\/\" \/>\n<meta property=\"article:publisher\" content=\"https:\/\/www.facebook.com\/casadecampoarcadosanimais\" \/>\n<meta property=\"article:modified_time\" content=\"2021-11-22T15:01:56+00:00\" \/>\n<meta property=\"og:image\" content=\"https:\/\/arcadosanimais.pt\/wp-content\/uploads\/2021\/12\/126125036_176662730766268_38444873591654914_n.jpg\" \/>\n\t<meta property=\"og:image:width\" content=\"555\" \/>\n\t<meta property=\"og:image:height\" content=\"555\" \/>\n\t<meta property=\"og:image:type\" content=\"image\/jpeg\" \/>\n<meta name=\"twitter:card\" content=\"summary_large_image\" \/>\n<meta name=\"twitter:label1\" content=\"Dur\u00e9e de lecture estim\u00e9e\" \/>\n\t<meta name=\"twitter:data1\" content=\"2 minutes\" \/>\n<script type=\"application\/ld+json\" class=\"yoast-schema-graph\">{\"@context\":\"https:\/\/schema.org\",\"@graph\":[{\"@type\":\"WebPage\",\"@id\":\"https:\/\/arcadosanimais.pt\/fr\/faqs\/\",\"url\":\"https:\/\/arcadosanimais.pt\/fr\/faqs\/\",\"name\":\"FAQ\u2019s | Arca dos Animais\",\"isPartOf\":{\"@id\":\"https:\/\/arcadosanimais.pt\/#website\"},\"datePublished\":\"2021-08-13T07:48:09+00:00\",\"dateModified\":\"2021-11-22T15:01:56+00:00\",\"breadcrumb\":{\"@id\":\"https:\/\/arcadosanimais.pt\/fr\/faqs\/#breadcrumb\"},\"inLanguage\":\"fr-FR\",\"potentialAction\":[{\"@type\":\"ReadAction\",\"target\":[\"https:\/\/arcadosanimais.pt\/fr\/faqs\/\"]}]},{\"@type\":\"BreadcrumbList\",\"@id\":\"https:\/\/arcadosanimais.pt\/fr\/faqs\/#breadcrumb\",\"itemListElement\":[{\"@type\":\"ListItem\",\"position\":1,\"name\":\"In\u00edcio\",\"item\":\"https:\/\/arcadosanimais.pt\/fr\/\"},{\"@type\":\"ListItem\",\"position\":2,\"name\":\"FAQ\u2019s\"}]},{\"@type\":\"WebSite\",\"@id\":\"https:\/\/arcadosanimais.pt\/#website\",\"url\":\"https:\/\/arcadosanimais.pt\/\",\"name\":\"\",\"description\":\"\",\"publisher\":{\"@id\":\"https:\/\/arcadosanimais.pt\/#organization\"},\"potentialAction\":[{\"@type\":\"SearchAction\",\"target\":{\"@type\":\"EntryPoint\",\"urlTemplate\":\"https:\/\/arcadosanimais.pt\/?s={search_term_string}\"},\"query-input\":\"required name=search_term_string\"}],\"inLanguage\":\"fr-FR\"},{\"@type\":\"Organization\",\"@id\":\"https:\/\/arcadosanimais.pt\/#organization\",\"name\":\"Arca dos Animais\",\"url\":\"https:\/\/arcadosanimais.pt\/\",\"logo\":{\"@type\":\"ImageObject\",\"inLanguage\":\"fr-FR\",\"@id\":\"https:\/\/arcadosanimais.pt\/#\/schema\/logo\/image\/\",\"url\":\"https:\/\/arcadosanimais.pt\/wp-content\/uploads\/2021\/12\/126125036_176662730766268_38444873591654914_n.jpg\",\"contentUrl\":\"https:\/\/arcadosanimais.pt\/wp-content\/uploads\/2021\/12\/126125036_176662730766268_38444873591654914_n.jpg\",\"width\":555,\"height\":555,\"caption\":\"Arca dos Animais\"},\"image\":{\"@id\":\"https:\/\/arcadosanimais.pt\/#\/schema\/logo\/image\/\"},\"sameAs\":[\"https:\/\/www.facebook.com\/casadecampoarcadosanimais\",\"https:\/\/www.instagram.com\/arcadosanimais\/\"]}]}<\/script>\n<!-- \/ Yoast SEO plugin. -->","yoast_head_json":{"title":"FAQ\u2019s | Arca dos Animais","robots":{"index":"index","follow":"follow","max-snippet":"max-snippet:-1","max-image-preview":"max-image-preview:large","max-video-preview":"max-video-preview:-1"},"canonical":"https:\/\/arcadosanimais.pt\/fr\/faqs\/","og_locale":"fr_FR","og_type":"article","og_title":"FAQ\u2019s | Arca dos Animais","og_description":"LE PETIT-D\u00c9JEUNER EST COMPRIS DANS LE PRIX DE LA SUITE? Oui. Si vous avez des restrictions alimentaires, merci de nous les signaler. Y A-T\u2019IL DES RESTAURANT \u00c0 PROXIMIT\u00c9? Nous vous sugg\u00e9rons: O Lagar (T\/ 272 431 207 | Rua Batista, n9) O Palita\u0303o (T\/ 966 632 540 | Avenida Afonso de Paiva, Rua de Santiago [&hellip;]","og_url":"https:\/\/arcadosanimais.pt\/fr\/faqs\/","article_publisher":"https:\/\/www.facebook.com\/casadecampoarcadosanimais","article_modified_time":"2021-11-22T15:01:56+00:00","og_image":[{"width":555,"height":555,"url":"https:\/\/arcadosanimais.pt\/wp-content\/uploads\/2021\/12\/126125036_176662730766268_38444873591654914_n.jpg","type":"image\/jpeg"}],"twitter_card":"summary_large_image","twitter_misc":{"Dur\u00e9e de lecture estim\u00e9e":"2 minutes"},"schema":{"@context":"https:\/\/schema.org","@graph":[{"@type":"WebPage","@id":"https:\/\/arcadosanimais.pt\/fr\/faqs\/","url":"https:\/\/arcadosanimais.pt\/fr\/faqs\/","name":"FAQ\u2019s | Arca dos Animais","isPartOf":{"@id":"https:\/\/arcadosanimais.pt\/#website"},"datePublished":"2021-08-13T07:48:09+00:00","dateModified":"2021-11-22T15:01:56+00:00","breadcrumb":{"@id":"https:\/\/arcadosanimais.pt\/fr\/faqs\/#breadcrumb"},"inLanguage":"fr-FR","potentialAction":[{"@type":"ReadAction","target":["https:\/\/arcadosanimais.pt\/fr\/faqs\/"]}]},{"@type":"BreadcrumbList","@id":"https:\/\/arcadosanimais.pt\/fr\/faqs\/#breadcrumb","itemListElement":[{"@type":"ListItem","position":1,"name":"In\u00edcio","item":"https:\/\/arcadosanimais.pt\/fr\/"},{"@type":"ListItem","position":2,"name":"FAQ\u2019s"}]},{"@type":"WebSite","@id":"https:\/\/arcadosanimais.pt\/#website","url":"https:\/\/arcadosanimais.pt\/","name":"","description":"","publisher":{"@id":"https:\/\/arcadosanimais.pt\/#organization"},"potentialAction":[{"@type":"SearchAction","target":{"@type":"EntryPoint","urlTemplate":"https:\/\/arcadosanimais.pt\/?s={search_term_string}"},"query-input":"required name=search_term_string"}],"inLanguage":"fr-FR"},{"@type":"Organization","@id":"https:\/\/arcadosanimais.pt\/#organization","name":"Arca dos Animais","url":"https:\/\/arcadosanimais.pt\/","logo":{"@type":"ImageObject","inLanguage":"fr-FR","@id":"https:\/\/arcadosanimais.pt\/#\/schema\/logo\/image\/","url":"https:\/\/arcadosanimais.pt\/wp-content\/uploads\/2021\/12\/126125036_176662730766268_38444873591654914_n.jpg","contentUrl":"https:\/\/arcadosanimais.pt\/wp-content\/uploads\/2021\/12\/126125036_176662730766268_38444873591654914_n.jpg","width":555,"height":555,"caption":"Arca dos Animais"},"image":{"@id":"https:\/\/arcadosanimais.pt\/#\/schema\/logo\/image\/"},"sameAs":["https:\/\/www.facebook.com\/casadecampoarcadosanimais","https:\/\/www.instagram.com\/arcadosanimais\/"]}]}},"_links":{"self":[{"href":"https:\/\/arcadosanimais.pt\/fr\/wp-json\/wp\/v2\/pages\/865","targetHints":{"allow":["GET"]}}],"collection":[{"href":"https:\/\/arcadosanimais.pt\/fr\/wp-json\/wp\/v2\/pages"}],"about":[{"href":"https:\/\/arcadosanimais.pt\/fr\/wp-json\/wp\/v2\/types\/page"}],"author":[{"embeddable":true,"href":"https:\/\/arcadosanimais.pt\/fr\/wp-json\/wp\/v2\/users\/1"}],"replies":[{"embeddable":true,"href":"https:\/\/arcadosanimais.pt\/fr\/wp-json\/wp\/v2\/comments?post=865"}],"version-history":[{"count":13,"href":"https:\/\/arcadosanimais.pt\/fr\/wp-json\/wp\/v2\/pages\/865\/revisions"}],"predecessor-version":[{"id":1550,"href":"https:\/\/arcadosanimais.pt\/fr\/wp-json\/wp\/v2\/pages\/865\/revisions\/1550"}],"wp:attachment":[{"href":"https:\/\/arcadosanimais.pt\/fr\/wp-json\/wp\/v2\/media?parent=865"}],"curies":[{"name":"wp","href":"https:\/\/api.w.org\/{rel}","templated":true}]}}